{"id":8566,"date":"2024-02-12T20:29:16","date_gmt":"2024-02-12T19:29:16","guid":{"rendered":"https:\/\/vizum.sk\/vylucenie-zodpovednosti\/"},"modified":"2026-01-04T21:27:19","modified_gmt":"2026-01-04T20:27:19","slug":"vylucenie-zodpovednosti","status":"publish","type":"page","link":"https:\/\/vizum.sk\/ru\/\u043e\u0442\u043a\u0430\u0437-\u043e\u0442-\u043e\u0442\u0432\u0435\u0442\u0441\u0442\u0432\u0435\u043d\u043d\u043e\u0441\u0442\u0438\/","title":{"rendered":"\u0418\u0441\u043a\u043b\u044e\u0447\u0435\u043d\u0438\u0435 \u043e\u0442\u0432\u0435\u0442\u0441\u0442\u0432\u0435\u043d\u043d\u043e\u0441\u0442\u0438"},"content":{"rendered":"<div data-elementor-type=\"wp-page\" data-elementor-id=\"8566\" class=\"elementor elementor-8566\">\n\t\t\t\t\t\t<section class=\"elementor-section elementor-top-section elementor-element elementor-element-74ad1f85 elementor-section-full_width elementor-section-stretched elementor-section-height-default elementor-section-height-default\" data-id=\"74ad1f85\" data-element_type=\"section\" data-settings=\"{&quot;stretch_section&quot;:&quot;section-stretched&quot;}\">\n\t\t\t\t\t\t<div class=\"elementor-container elementor-column-gap-default\">\n\t\t\t\t\t<div class=\"elementor-column elementor-col-100 elementor-top-column elementor-element elementor-element-cc5c6ea\" data-id=\"cc5c6ea\" data-element_type=\"column\">\n\t\t\t<div class=\"elementor-widget-wrap elementor-element-populated\">\n\t\t\t\t\t\t<div class=\"elementor-element elementor-element-9df4fa3 elementor-widget elementor-widget-text-editor\" data-id=\"9df4fa3\" data-element_type=\"widget\" data-widget_type=\"text-editor.default\">\n\t\t\t\t<div class=\"elementor-widget-container\">\n\t\t\t\t\t\t\t<h2 data-path-to-node=\"2\">\u041e\u0442\u043a\u0430\u0437 \u043e\u0442 \u043e\u0442\u0432\u0435\u0442\u0441\u0442\u0432\u0435\u043d\u043d\u043e\u0441\u0442\u0438 (\u041e\u0442\u043a\u0430\u0437 \u043e\u0442 \u043e\u0442\u0432\u0435\u0442\u0441\u0442\u0432\u0435\u043d\u043d\u043e\u0441\u0442\u0438)<\/h2><p>\u0414\u0430\u0442\u0430 \u0432\u0441\u0442\u0443\u043f\u043b\u0435\u043d\u0438\u044f \u0432 \u0441\u0438\u043b\u0443:\u00a0<b>04.01.2026<\/b><br \/>\u0410\u0432\u0442\u043e\u0440:\u00a0<b>\u041e\u0442\u043e \u041a\u043e\u0445\u0443\u0442, \u0443\u043f\u0440\u0430\u0432\u043b\u044f\u044e\u0449\u0438\u0439 \u0434\u0438\u0440\u0435\u043a\u0442\u043e\u0440<\/b><\/p><h3 data-path-to-node=\"3\">1. \u041e\u0431\u0449\u0430\u044f \u0438\u043d\u0444\u043e\u0440\u043c\u0430\u0446\u0438\u044f \u0438 \u0445\u0430\u0440\u0430\u043a\u0442\u0435\u0440 \u0443\u0441\u043b\u0443\u0433<\/h3><p data-path-to-node=\"4\"><span data-path-to-node=\"4,1\"><span class=\"citation-69\">\u0421\u0430\u0439\u0442 <\/span><b data-path-to-node=\"4,1\" data-index-in-node=\"15\"><span class=\"citation-69\">www.vizum.sk<\/span><\/b><span class=\"citation-69\"> \u0443\u043f\u0440\u0430\u0432\u043b\u044f\u0435\u0442\u0441\u044f \u043a\u043e\u043c\u043f\u0430\u043d\u0438\u0435\u0439 MTS Consulting, s. r. o.<\/span><\/span><span data-path-to-node=\"4,3\">. <\/span><span data-path-to-node=\"4,5\"><span class=\"citation-68\">\u041a\u043e\u043c\u043f\u0430\u043d\u0438\u044f \u043f\u0440\u0435\u0434\u043e\u0441\u0442\u0430\u0432\u043b\u044f\u0435\u0442 \u043f\u043e\u043c\u043e\u0449\u044c \u0438 \u043a\u043e\u043d\u0441\u0443\u043b\u044c\u0442\u0430\u0446\u0438\u043e\u043d\u043d\u044b\u0435 \u0443\u0441\u043b\u0443\u0433\u0438 \u0432 \u0440\u0430\u043c\u043a\u0430\u0445 \u0441\u0432\u043e\u0431\u043e\u0434\u043d\u043e\u0439 \u0442\u043e\u0440\u0433\u043e\u0432\u043b\u0438, \u0432 \u0447\u0430\u0441\u0442\u043d\u043e\u0441\u0442\u0438 \u0430\u0434\u043c\u0438\u043d\u0438\u0441\u0442\u0440\u0430\u0442\u0438\u0432\u043d\u044b\u0435 \u0443\u0441\u043b\u0443\u0433\u0438 \u0438 \u0434\u0435\u044f\u0442\u0435\u043b\u044c\u043d\u043e\u0441\u0442\u044c \u043e\u0440\u0433\u0430\u043d\u0438\u0437\u0430\u0446\u0438\u043e\u043d\u043d\u044b\u0445 \u043a\u043e\u043d\u0441\u0443\u043b\u044c\u0442\u0430\u043d\u0442\u043e\u0432<\/span><\/span><span data-path-to-node=\"4,7\">. <\/span><span data-path-to-node=\"4,9\"><span class=\"citation-67\">\u041a\u043e\u043c\u043f\u0430\u043d\u0438\u044f <\/span><b data-path-to-node=\"4,9\" data-index-in-node=\"11\"><span class=\"citation-67\">\u043d\u0435 \u043e\u043a\u0430\u0437\u044b\u0432\u0430\u0435\u0442 \u044e\u0440\u0438\u0434\u0438\u0447\u0435\u0441\u043a\u0438\u0445 \u0443\u0441\u043b\u0443\u0433<\/span><\/b><span class=\"citation-67\"> \u0432 \u0441\u043e\u043e\u0442\u0432\u0435\u0442\u0441\u0442\u0432\u0438\u0438 \u0441 \u0417\u0430\u043a\u043e\u043d\u043e\u043c \u043e\u0431 \u0430\u0434\u0432\u043e\u043a\u0430\u0442\u0443\u0440\u0435, \u0430 \u0442\u0430\u043a\u0436\u0435 \u043d\u0430\u043b\u043e\u0433\u043e\u0432\u044b\u0435 \u043a\u043e\u043d\u0441\u0443\u043b\u044c\u0442\u0430\u0446\u0438\u0438<\/span><\/span><span data-path-to-node=\"4,11\">. <\/span><span data-path-to-node=\"4,13\"><span class=\"citation-66\">\u0418\u043d\u0444\u043e\u0440\u043c\u0430\u0446\u0438\u044f \u043d\u0430 \u044d\u0442\u043e\u043c \u0441\u0430\u0439\u0442\u0435 \u043f\u043e\u043b\u0443\u0447\u0435\u043d\u0430 \u0438\u0437 \u043e\u0431\u0449\u0435\u0434\u043e\u0441\u0442\u0443\u043f\u043d\u044b\u0445 \u0438\u0441\u0442\u043e\u0447\u043d\u0438\u043a\u043e\u0432 \u0438 \u043f\u0440\u0435\u0434\u043d\u0430\u0437\u043d\u0430\u0447\u0435\u043d\u0430 \u0442\u043e\u043b\u044c\u043a\u043e \u0434\u043b\u044f \u0438\u043d\u0444\u043e\u0440\u043c\u0430\u0446\u0438\u043e\u043d\u043d\u044b\u0445 \u0446\u0435\u043b\u0435\u0439<\/span><\/span><span data-path-to-node=\"4,15\">.<\/span><\/p><h3 data-path-to-node=\"5\">2. \u0421\u0444\u0435\u0440\u0430 \u043e\u0442\u0432\u0435\u0442\u0441\u0442\u0432\u0435\u043d\u043d\u043e\u0441\u0442\u0438 \u0437\u0430 \u0438\u043d\u0444\u043e\u0440\u043c\u0430\u0446\u0438\u044e<\/h3><p data-path-to-node=\"6\"><span data-path-to-node=\"6,1\"><span class=\"citation-65\">\u0412\u0441\u044f \u0438\u043d\u0444\u043e\u0440\u043c\u0430\u0446\u0438\u044f \u0438 \u043c\u0430\u0442\u0435\u0440\u0438\u0430\u043b\u044b, \u0440\u0430\u0437\u043c\u0435\u0449\u0435\u043d\u043d\u044b\u0435 \u043d\u0430 \u0441\u0430\u0439\u0442\u0435, \u043f\u0440\u0435\u0434\u043e\u0441\u0442\u0430\u0432\u043b\u044f\u044e\u0442\u0441\u044f \u0432 \u0448\u0442\u0430\u0442\u0435 <\/span><b data-path-to-node=\"6,1\" data-index-in-node=\"72\"><span class=\"citation-65\">\"\u0432 \u043d\u0430\u043b\u0438\u0447\u0438\u0438\"<\/span><\/b><span class=\"citation-65\"> \u0430 <\/span><b data-path-to-node=\"6,1\" data-index-in-node=\"101\"><span class=\"citation-65\">\"\u041a\u0430\u043a \u0441\u0442\u043e\u0438\u0442, \u0442\u0430\u043a \u0438 \u043b\u0435\u0436\u0438\u0442\"<\/span><\/b><span class=\"citation-65\"> (<\/span><i data-path-to-node=\"6,1\" data-index-in-node=\"126\"><span class=\"citation-65\">\u043a\u0430\u043a \u0435\u0441\u0442\u044c<\/span><\/i><span class=\"citation-65\">)<\/span><\/span><span data-path-to-node=\"6,3\">. \u041e\u043f\u0435\u0440\u0430\u0442\u043e\u0440 \u043d\u0435 \u043d\u0435\u0441\u0435\u0442 \u043e\u0442\u0432\u0435\u0442\u0441\u0442\u0432\u0435\u043d\u043d\u043e\u0441\u0442\u0438 \u0437\u0430:<\/span><\/p><ul data-path-to-node=\"7\"><li><p data-path-to-node=\"7,0,0\"><span data-path-to-node=\"7,0,0,1\"><span class=\"citation-64\">\u041c\u0430\u0442\u0435\u0440\u0438\u0430\u043b\u044c\u043d\u044b\u0439 \u0438\u043b\u0438 \u043d\u0435\u043c\u0430\u0442\u0435\u0440\u0438\u0430\u043b\u044c\u043d\u044b\u0439 \u0443\u0449\u0435\u0440\u0431, \u0432\u043e\u0437\u043d\u0438\u043a\u0430\u044e\u0449\u0438\u0439 \u0432 \u0440\u0435\u0437\u0443\u043b\u044c\u0442\u0430\u0442\u0435 \u043d\u0435\u0442\u043e\u0447\u043d\u043e\u0433\u043e, \u0443\u0441\u0442\u0430\u0440\u0435\u0432\u0448\u0435\u0433\u043e \u0438\u043b\u0438 \u043d\u0435\u0430\u043a\u0442\u0443\u0430\u043b\u044c\u043d\u043e\u0433\u043e \u0440\u0430\u0441\u043a\u0440\u044b\u0442\u0438\u044f \u0438\u043d\u0444\u043e\u0440\u043c\u0430\u0446\u0438\u0438<\/span><\/span><span data-path-to-node=\"7,0,0,3\">.<\/span><\/p><\/li><li><p data-path-to-node=\"7,1,0\"><span data-path-to-node=\"7,1,0,1\"><span class=\"citation-63\">\u0422\u043e\u0447\u043d\u043e\u0441\u0442\u044c \u0438\u043d\u0444\u043e\u0440\u043c\u0430\u0446\u0438\u0438 \u043e \u043f\u0440\u043e\u0434\u0443\u043a\u0446\u0438\u0438, \u043e\u043f\u0443\u0431\u043b\u0438\u043a\u043e\u0432\u0430\u043d\u043d\u043e\u0439 \u043d\u0430 \u0441\u0430\u0439\u0442\u0435<\/span><\/span><span data-path-to-node=\"7,1,0,3\">.<\/span><\/p><\/li><li><p data-path-to-node=\"7,2,0\"><span data-path-to-node=\"7,2,0,1\"><span class=\"citation-62\">\u041e\u0448\u0438\u0431\u043a\u0438 \u0438\u043b\u0438 \u0434\u0435\u0444\u0435\u043a\u0442\u044b \u0432 \u0434\u043e\u043a\u0443\u043c\u0435\u043d\u0442\u0430\u0446\u0438\u0438, \u043f\u043e\u0434\u0433\u043e\u0442\u043e\u0432\u043b\u0435\u043d\u043d\u043e\u0439 \u0442\u0440\u0435\u0442\u044c\u0438\u043c\u0438 \u043b\u0438\u0446\u0430\u043c\u0438 (\u043d\u0430\u043f\u0440\u0438\u043c\u0435\u0440, \u043e\u0440\u0433\u0430\u043d\u0430\u043c\u0438 \u0432\u043b\u0430\u0441\u0442\u0438), \u0432\u044b\u0434\u0430\u0432\u0448\u0438\u043c\u0438 \u0441\u043e\u043e\u0442\u0432\u0435\u0442\u0441\u0442\u0432\u0443\u044e\u0449\u0438\u0435 \u0434\u043e\u043a\u0443\u043c\u0435\u043d\u0442\u044b.<\/span><\/span><\/p><\/li><\/ul><h3 data-path-to-node=\"8\">3. \u041e\u0442\u0432\u0435\u0442\u0441\u0442\u0432\u0435\u043d\u043d\u043e\u0441\u0442\u044c \u043f\u043e\u043b\u044c\u0437\u043e\u0432\u0430\u0442\u0435\u043b\u0435\u0439 \u0438 \u0442\u043e\u0447\u043d\u043e\u0441\u0442\u044c \u0434\u0430\u043d\u043d\u044b\u0445<\/h3><ul data-path-to-node=\"9\"><li><p data-path-to-node=\"9,0,1\"><span data-path-to-node=\"9,0,1,0\"><b data-path-to-node=\"9,0,1,0\" data-index-in-node=\"0\"><span class=\"citation-61\">\u041a\u043e\u0440\u0440\u0435\u043a\u0442\u043d\u043e\u0441\u0442\u044c \u0434\u0430\u043d\u043d\u044b\u0445:<\/span><\/b><span class=\"citation-61\"> \u041e\u043f\u0435\u0440\u0430\u0442\u043e\u0440 \u043d\u0435 \u043d\u0435\u0441\u0435\u0442 \u043e\u0442\u0432\u0435\u0442\u0441\u0442\u0432\u0435\u043d\u043d\u043e\u0441\u0442\u0438 \u0437\u0430 \u0442\u043e\u0447\u043d\u043e\u0441\u0442\u044c \u0434\u0430\u043d\u043d\u044b\u0445, \u043f\u0440\u0435\u0434\u043e\u0441\u0442\u0430\u0432\u043b\u0435\u043d\u043d\u044b\u0445 \u041f\u043e\u043b\u044c\u0437\u043e\u0432\u0430\u0442\u0435\u043b\u0435\u043c (\u041a\u043b\u0438\u0435\u043d\u0442\u043e\u043c) \u0432 \u0430\u043d\u043a\u0435\u0442\u0430\u0445, \u0444\u043e\u0440\u043c\u0430\u0445 \u0438\u043b\u0438 \u043f\u0440\u0438 \u043b\u044e\u0431\u043e\u043c \u0434\u0440\u0443\u0433\u043e\u043c \u043e\u0431\u0449\u0435\u043d\u0438\u0438.<\/span><\/span><span data-path-to-node=\"9,0,1,2\">.<\/span><\/p><\/li><li><p data-path-to-node=\"9,1,1\"><span data-path-to-node=\"9,1,1,0\"><b data-path-to-node=\"9,1,1,0\" data-index-in-node=\"0\"><span class=\"citation-60\">\u0420\u0435\u0448\u0435\u043d\u0438\u044f \u0432\u043b\u0430\u0441\u0442\u0435\u0439:<\/span><\/b><span class=\"citation-60\"> \u041e\u043f\u0435\u0440\u0430\u0442\u043e\u0440 \u043d\u0435 \u043d\u0435\u0441\u0435\u0442 \u043e\u0442\u0432\u0435\u0442\u0441\u0442\u0432\u0435\u043d\u043d\u043e\u0441\u0442\u0438 \u0437\u0430 \u0440\u0430\u0437\u043d\u043e\u0433\u043b\u0430\u0441\u0438\u044f \u0438 \u0440\u0435\u0448\u0435\u043d\u0438\u044f \u0433\u043e\u0441\u0443\u0434\u0430\u0440\u0441\u0442\u0432\u0435\u043d\u043d\u044b\u0445 \u043e\u0440\u0433\u0430\u043d\u043e\u0432 \u0438\u043b\u0438 \u043f\u043e\u0441\u043e\u043b\u044c\u0441\u0442\u0432 \u0432 \u043e\u0442\u043d\u043e\u0448\u0435\u043d\u0438\u0438 \u0432\u044b\u0434\u0430\u0447\u0438 \u0432\u0438\u0437.<\/span><\/span><span data-path-to-node=\"9,1,1,2\">.<\/span><\/p><\/li><li><p data-path-to-node=\"9,2,1\"><span data-path-to-node=\"9,2,1,0\"><b data-path-to-node=\"9,2,1,0\" data-index-in-node=\"0\"><span class=\"citation-59\">\u041e\u0431\u044f\u0437\u0430\u043d\u043d\u043e\u0441\u0442\u044c \u043f\u043e\u0434\u0447\u0438\u043d\u044f\u0442\u044c\u0441\u044f \u0437\u0430\u043a\u043e\u043d\u0443:<\/span><\/b><span class=\"citation-59\"> \u041f\u043e\u0441\u0435\u0442\u0438\u0442\u0435\u043b\u044c \u0441\u0430\u0439\u0442\u0430 \u043e\u0431\u044f\u0437\u0430\u043d \u0441\u043e\u0431\u043b\u044e\u0434\u0430\u0442\u044c \u0441\u043e\u043e\u0442\u0432\u0435\u0442\u0441\u0442\u0432\u0443\u044e\u0449\u0438\u0435 \u0437\u0430\u043a\u043e\u043d\u044b \u0438 GTC \u0432 \u043e\u0442\u043d\u043e\u0448\u0435\u043d\u0438\u0438 \u0442\u043e\u0447\u043d\u043e\u0441\u0442\u0438 \u0438\u043d\u0444\u043e\u0440\u043c\u0430\u0446\u0438\u0438 \u043e\u0431 \u0443\u0441\u043b\u0443\u0433\u0430\u0445.<\/span><\/span><span data-path-to-node=\"9,2,1,2\">.<\/span><\/p><\/li><\/ul><h3 data-path-to-node=\"10\">4. \u0422\u0435\u0445\u043d\u0438\u0447\u0435\u0441\u043a\u0430\u044f \u043e\u0433\u043e\u0432\u043e\u0440\u043a\u0430<\/h3><p data-path-to-node=\"11\"><span data-path-to-node=\"11,1\"><span class=\"citation-58\">\u0425\u043e\u0442\u044f \u043e\u043f\u0435\u0440\u0430\u0442\u043e\u0440 \u0437\u0430\u044f\u0432\u043b\u044f\u0435\u0442, \u0447\u0442\u043e \u0434\u0430\u043d\u043d\u044b\u0435 \u0438 \u0434\u043e\u043a\u0443\u043c\u0435\u043d\u0442\u044b \u043d\u0430 \u0441\u0435\u0440\u0432\u0435\u0440\u0430\u0445 \u0437\u0430\u0449\u0438\u0449\u0435\u043d\u044b \u0438 \u0437\u0430\u0448\u0438\u0444\u0440\u043e\u0432\u0430\u043d\u044b <\/span><\/span><span data-path-to-node=\"11,4\"><span class=\"citation-57\">\u043e\u0442\u043a\u0430\u0437\u044b\u0432\u0430\u0435\u0442\u0441\u044f \u043e\u0442 \u043e\u0442\u0432\u0435\u0442\u0441\u0442\u0432\u0435\u043d\u043d\u043e\u0441\u0442\u0438 \u0437\u0430 \u0441\u0438\u0442\u0443\u0430\u0446\u0438\u0438, \u043a\u043e\u0433\u0434\u0430 \u0432\u0438\u0440\u0443\u0441, \u0442\u0440\u043e\u044f\u043d\u0441\u043a\u0438\u0439 \u043a\u043e\u043d\u044c \u0438\u043b\u0438 \u0434\u0440\u0443\u0433\u043e\u0435 \u043e\u043f\u0430\u0441\u043d\u043e\u0435 \u0441\u043e\u0434\u0435\u0440\u0436\u0438\u043c\u043e\u0435 \u0437\u0430\u0440\u0430\u0436\u0430\u0435\u0442 \u043a\u043e\u043c\u043f\u044c\u044e\u0442\u0435\u0440 \u043f\u043e\u043b\u044c\u0437\u043e\u0432\u0430\u0442\u0435\u043b\u044f \u0432\u043e \u0432\u0440\u0435\u043c\u044f \u043f\u043e\u0441\u0435\u0449\u0435\u043d\u0438\u044f \u0441\u0430\u0439\u0442\u0430<\/span><\/span><span data-path-to-node=\"11,6\">.<\/span><\/p><h3 data-path-to-node=\"12\">5. \u041f\u043e\u043b\u0438\u0442\u0438\u043a\u0430 \u043a\u043e\u043d\u0444\u0438\u0434\u0435\u043d\u0446\u0438\u0430\u043b\u044c\u043d\u043e\u0441\u0442\u0438<\/h3><p data-path-to-node=\"13\"><span data-path-to-node=\"13,0\">\u041e\u0431\u0440\u0430\u0431\u043e\u0442\u043a\u0430 \u043f\u0435\u0440\u0441\u043e\u043d\u0430\u043b\u044c\u043d\u044b\u0445 \u0434\u0430\u043d\u043d\u044b\u0445 \u043e\u0441\u0443\u0449\u0435\u0441\u0442\u0432\u043b\u044f\u0435\u0442\u0441\u044f \u0432 \u0441\u043e\u043e\u0442\u0432\u0435\u0442\u0441\u0442\u0432\u0438\u0438 \u0441 GDPR \u0438 \u0417\u0430\u043a\u043e\u043d\u043e\u043c \u2116. <\/span><span data-path-to-node=\"13,2\"><span class=\"citation-56\">18\/2018 \u0421\u0431.<\/span><\/span><span data-path-to-node=\"13,4\">. <\/span><span data-path-to-node=\"13,6\"><span class=\"citation-55\">\u041f\u043e\u0434\u0440\u043e\u0431\u043d\u0430\u044f \u0438\u043d\u0444\u043e\u0440\u043c\u0430\u0446\u0438\u044f \u043e\u0431 \u043e\u0431\u044a\u0435\u043c\u0435 \u043e\u0431\u0440\u0430\u0431\u0430\u0442\u044b\u0432\u0430\u0435\u043c\u044b\u0445 \u0434\u0430\u043d\u043d\u044b\u0445 \u0438 \u043f\u0440\u0430\u0432\u0430\u0445 \u043f\u043e\u043b\u044c\u0437\u043e\u0432\u0430\u0442\u0435\u043b\u044f \u0441\u043e\u0434\u0435\u0440\u0436\u0438\u0442\u0441\u044f \u0432 \u0441\u0442\u0430\u0442\u044c\u0435 7 GTC<\/span><\/span><span data-path-to-node=\"13,8\">.<\/span><\/p><h3 data-path-to-node=\"14\">6. \u0417\u0430\u043a\u043b\u044e\u0447\u0438\u0442\u0435\u043b\u044c\u043d\u044b\u0435 \u043f\u043e\u043b\u043e\u0436\u0435\u043d\u0438\u044f<\/h3><p data-path-to-node=\"15\"><span data-path-to-node=\"15,1\"><span class=\"citation-54\">\u041d\u0430\u0441\u0442\u043e\u044f\u0449\u0435\u0435 \u041e\u0442\u043a\u0430\u0437 \u043e\u0442 \u043e\u0442\u0432\u0435\u0442\u0441\u0442\u0432\u0435\u043d\u043d\u043e\u0441\u0442\u0438 \u0434\u043e\u043f\u043e\u043b\u043d\u044f\u0435\u0442 <\/span><b data-path-to-node=\"15,1\" data-index-in-node=\"24\"><span class=\"citation-54\">\u041e\u0431\u0449\u0438\u0435 \u043f\u043e\u043b\u043e\u0436\u0435\u043d\u0438\u044f \u0438 \u0443\u0441\u043b\u043e\u0432\u0438\u044f<\/span><\/b><span class=\"citation-54\"> MTS Consulting, s. r. o.<\/span><\/span><span data-path-to-node=\"15,3\">. <\/span><span data-path-to-node=\"15,5\"><span class=\"citation-53\">\u0412 \u0441\u043b\u0443\u0447\u0430\u0435 \u0432\u043e\u0437\u043d\u0438\u043a\u043d\u043e\u0432\u0435\u043d\u0438\u044f \u043f\u0440\u043e\u0442\u0438\u0432\u043e\u0440\u0435\u0447\u0438\u0439 \u043f\u0440\u0435\u0438\u043c\u0443\u0449\u0435\u0441\u0442\u0432\u0435\u043d\u043d\u0443\u044e \u0441\u0438\u043b\u0443 \u0438\u043c\u0435\u044e\u0442 \u043f\u043e\u043b\u043e\u0436\u0435\u043d\u0438\u044f, \u0438\u0437\u043b\u043e\u0436\u0435\u043d\u043d\u044b\u0435 \u0432 GTC<\/span><\/span><span data-path-to-node=\"15,7\">. <\/span><span data-path-to-node=\"15,9\"><span class=\"citation-52\">\u041e\u043f\u0435\u0440\u0430\u0442\u043e\u0440 \u043e\u0441\u0442\u0430\u0432\u043b\u044f\u0435\u0442 \u0437\u0430 \u0441\u043e\u0431\u043e\u0439 \u043f\u0440\u0430\u0432\u043e \u043e\u0431\u043d\u043e\u0432\u043b\u044f\u0442\u044c \u0434\u0430\u043d\u043d\u044b\u0435 \u0443\u0441\u043b\u043e\u0432\u0438\u044f \u0432 \u043b\u044e\u0431\u043e\u0435 \u0432\u0440\u0435\u043c\u044f<\/span><\/span><span data-path-to-node=\"15,11\">.<\/span><\/p>\t\t\t\t\t\t<\/div>\n\t\t\t\t<\/div>\n\t\t\t\t\t<\/div>\n\t\t<\/div>\n\t\t\t\t\t<\/div>\n\t\t<\/section>\n\t\t\t\t<\/div>","protected":false},"excerpt":{"rendered":"<p>Vyl\u00fa\u010denie zodpovednosti (Disclaimer) D\u00e1tum \u00fa\u010dinnosti:\u00a004.01.2026Autor:\u00a0Oto Koh\u00fat, konate\u013e spolo\u010dnosti 1. V\u0161eobecn\u00e9 inform\u00e1cie a charakter slu\u017eieb Webov\u00e1 str\u00e1nka www.vizum.sk je prev\u00e1dzkovan\u00e1 spolo\u010dnos\u0165ou MTS Consulting, s. r. o.. Spolo\u010dnos\u0165 poskytuje asisten\u010dn\u00e9 a poradensk\u00e9 slu\u017eby v r\u00e1mci vo\u013en\u00fdch \u017eivnost\u00ed, najm\u00e4 administrat\u00edvne slu\u017eby a \u010dinnos\u0165 organiza\u010dn\u00fdch poradcov. Spolo\u010dnos\u0165 neposkytuje pr\u00e1vne slu\u017eby pod\u013ea z\u00e1kona o advok\u00e1cii ani da\u0148ov\u00e9 poradenstvo. Inform\u00e1cie na [&hellip;]<\/p>","protected":false},"author":1,"featured_media":8359,"parent":0,"menu_order":0,"comment_status":"closed","ping_status":"closed","template":"","meta":{"footnotes":"","iawp_total_views":69},"acf":[],"rankMath":{"parentDomain":"vizum.sk","noFollowDomains":[],"noFollowExcludeDomains":[],"noFollowExternalLinks":false,"featuredImageNotice":"\u041f\u043e\u043a\u0430\u0437\u0430\u043d\u043d\u043e\u0435 \u0438\u0437\u043e\u0431\u0440\u0430\u0436\u0435\u043d\u0438\u0435 \u0434\u043e\u043b\u0436\u043d\u043e \u0431\u044b\u0442\u044c \u0440\u0430\u0437\u043c\u0435\u0440\u043e\u043c \u043d\u0435 \u043c\u0435\u043d\u0435\u0435 200 \u043d\u0430 200 \u043f\u0438\u043a\u0441\u0435\u043b\u0435\u0439, \u0447\u0442\u043e\u0431\u044b \u0435\u0433\u043e \u043c\u043e\u0433\u043b\u0438 \u0443\u0432\u0438\u0434\u0435\u0442\u044c Facebook \u0438 \u0434\u0440\u0443\u0433\u0438\u0435 \u0441\u0430\u0439\u0442\u044b \u0441\u043e\u0446\u0438\u0430\u043b\u044c\u043d\u044b\u0445 \u0441\u0435\u0442\u0435\u0439.","pluginReviewed":true,"postSettings":{"linkSuggestions":true,"useFocusKeyword":false},"frontEndScore":false,"postName":"vylucenie-zodpovednosti","permalinkFormat":"https:\/\/vizum.sk\/ru\/%pagename%\/","showLockModifiedDate":true,"assessor":{"focusKeywordLink":"https:\/\/vizum.sk\/wp-admin\/edit.php?focus_keyword=%focus_keyword%&post_type=%post_type%","hasTOCPlugin":true,"primaryTaxonomy":false,"serpData":{"title":"","description":"","focusKeywords":"","pillarContent":false,"canonicalUrl":"","breadcrumbTitle":"","advancedRobots":{"max-snippet":"-1","max-video-preview":"-1","max-image-preview":"large"},"facebookTitle":"","facebookDescription":"","facebookImage":"","facebookImageID":"","facebookHasOverlay":false,"facebookImageOverlay":"","facebookAuthor":"","twitterCardType":"","twitterUseFacebook":true,"twitterTitle":"","twitterDescription":"","twitterImage":"","twitterImageID":"","twitterHasOverlay":false,"twitterImageOverlay":"","twitterPlayerUrl":"","twitterPlayerSize":"","twitterPlayerStream":"","twitterPlayerStreamCtype":"","twitterAppDescription":"","twitterAppIphoneName":"","twitterAppIphoneID":"","twitterAppIphoneUrl":"","twitterAppIpadName":"","twitterAppIpadID":"","twitterAppIpadUrl":"","twitterAppGoogleplayName":"","twitterAppGoogleplayID":"","twitterAppGoogleplayUrl":"","twitterAppCountry":"","robots":{"index":true},"twitterAuthor":"\u0438\u043c\u044f \u043f\u043e\u043b\u044c\u0437\u043e\u0432\u0430\u0442\u0435\u043b\u044f","primaryTerm":0,"authorName":"Oto Koh\u00fat","titleTemplate":"%title% (%currentyear%)","descriptionTemplate":"%excerpt%","showScoreFrontend":true,"lockModifiedDate":false},"powerWords":[],"diacritics":{"A":"[\\u0410\\u0430]","B":"[\\u0411\\u0431]","V":"[\\u0412\\u0432]","G":"[\\u0413\\u0433]","D":"[\\u0414\\u0434]","YE":"[\\u0415\\u0435]","YO":"[\\u0401\\u0451]","ZH":"[\\u0416\\u0436]","Z":"[\\u0417\\u0437]","EE":"[\\u0418\\u0438]","YI":"[\\u0419\\u0439]","K":"[\\u041A\\u043A]","L":"[\\u041B\\u043B]","M":"[\\u041C\\u043c]","P":"[\\u041F\\u043F]","T":"[\\u0422\\u0442]","U":"[\\u0423\\u0443]","F":"[\\u0424\\u0444]","H":"[\\u0425\\u0445]","TS":"[\\u0426\\u0446]","CH":"[\\u0427\\u0447]","SH":"[\\u0428\\u0448\\u0429\\u0449]","I":"[\\u042B\\u044B]","E":"[\\u042D\\u044D]","YU":"[\\u042E\\u044E]","YA":"[\\u042F\\u044F]","N":"[\\u041D\\u043D]"},"researchesTests":["contentHasTOC","contentHasShortParagraphs","contentHasAssets","keywordInTitle","keywordInMetaDescription","keywordInPermalink","keywordIn10Percent","keywordInContent","keywordInSubheadings","keywordInImageAlt","keywordDensity","keywordNotUsed","lengthContent","lengthPermalink","linksHasInternal","linksHasExternals","linksNotAllExternals","titleStartWithKeyword","titleSentiment","titleHasPowerWords","titleHasNumber","hasContentAI"],"hasRedirection":false,"hasBreadcrumb":true},"homeUrl":"https:\/\/vizum.sk\/ru","objectID":8566,"objectType":"post","locale":"ru","localeFull":"ru_RU","overlayImages":{"play":{"name":"Play \u0438\u043a\u043e\u043d\u043a\u0430","url":"https:\/\/vizum.sk\/wp-content\/plugins\/seo-by-rank-math\/assets\/admin\/img\/icon-play.png","path":"\/data\/d\/2\/d2e80fcd-90de-44b3-88d3-fb6bcca8e15b\/vizum.sk\/web\/wp-content\/plugins\/seo-by-rank-math\/assets\/admin\/img\/icon-play.png","position":"middle_center"},"gif":{"name":"GIF \u0438\u043a\u043e\u043d\u043a\u0430","url":"https:\/\/vizum.sk\/wp-content\/plugins\/seo-by-rank-math\/assets\/admin\/img\/icon-gif.png","path":"\/data\/d\/2\/d2e80fcd-90de-44b3-88d3-fb6bcca8e15b\/vizum.sk\/web\/wp-content\/plugins\/seo-by-rank-math\/assets\/admin\/img\/icon-gif.png","position":"middle_center"},"vizum-sk":{"name":"V\u00edzum.sk","url":"https:\/\/vizum.sk\/wp-content\/uploads\/2024\/07\/LOGO_FINAL_vectorized-\u2013-obnoveny.png","path":"\/data\/d\/2\/d2e80fcd-90de-44b3-88d3-fb6bcca8e15b\/vizum.sk\/web\/wp-content\/uploads\/2024\/07\/LOGO_FINAL_vectorized-\u2013-obnoveny.png","position":"bottom_right"}},"defautOgImage":"https:\/\/vizum.sk\/wp-content\/plugins\/seo-by-rank-math\/assets\/admin\/img\/social-placeholder.jpg","customPermalinks":true,"isUserRegistered":true,"autoSuggestKeywords":true,"connectSiteUrl":"https:\/\/rankmath.com\/auth?site=https%3A%2F%2Fvizum.sk%2Fru&r=https%3A%2F%2Fvizum.sk%2Fru%2Fwp-json%2Fwp%2Fv2%2Fpages%2F8566%3Fnonce%3D6d689d7a99&pro=1","maxTags":100,"trendsIcon":"<svg viewBox=\"0 0 610 610\"><path d=\"M18.85,446,174.32,290.48l58.08,58.08L76.93,504a14.54,14.54,0,0,1-20.55,0L18.83,466.48a14.54,14.54,0,0,1,0-20.55Z\" style=\"fill:#4285f4\"\/><path d=\"M242.65,242.66,377.59,377.6l-47.75,47.75a14.54,14.54,0,0,1-20.55,0L174.37,290.43l47.75-47.75A14.52,14.52,0,0,1,242.65,242.66Z\" style=\"fill:#ea4335\"\/><polygon points=\"319.53 319.53 479.26 159.8 537.34 217.88 377.61 377.62 319.53 319.53\" style=\"fill:#fabb05\"\/><path d=\"M594.26,262.73V118.61h0a16.94,16.94,0,0,0-16.94-16.94H433.2a16.94,16.94,0,0,0-12,28.92L565.34,274.71h0a16.94,16.94,0,0,0,28.92-12Z\" style=\"fill:#34a853\"\/><rect width=\"610\" height=\"610\" style=\"fill:none\"\/><\/svg>","showScore":true,"siteFavIcon":"https:\/\/vizum.sk\/wp-content\/uploads\/2023\/07\/cropped-dippingcompassdirectiongeneralinstrumentmagneticcompass-1320183166385513932-32x32.png?wsr","canUser":{"general":false,"advanced":false,"snippet":false,"social":false,"analysis":false,"analytics":false,"content_ai":false},"showKeywordIntent":true,"isPro":true,"is_front_page":false,"trendsUpgradeLink":"https:\/\/rankmath.com\/pricing\/?utm_source=Plugin&utm_medium=CE%20General%20Tab%20Trends&utm_campaign=WP","trendsUpgradeLabel":"\u0410\u043f\u0433\u0440\u0435\u0439\u0434","trendsPreviewImage":"https:\/\/vizum.sk\/wp-content\/plugins\/seo-by-rank-math\/assets\/admin\/img\/trends-preview.jpg","currentEditor":false,"homepageData":{"assessor":{"powerWords":[],"diacritics":true,"researchesTests":["contentHasTOC","contentHasShortParagraphs","contentHasAssets","keywordInTitle","keywordInMetaDescription","keywordInPermalink","keywordIn10Percent","keywordInContent","keywordInSubheadings","keywordInImageAlt","keywordDensity","keywordNotUsed","lengthContent","lengthPermalink","linksHasInternal","linksHasExternals","linksNotAllExternals","titleStartWithKeyword","titleSentiment","titleHasPowerWords","titleHasNumber","hasContentAI"],"hasBreadcrumb":true,"serpData":{"title":false,"description":"","titleTemplate":"%sitename% %page% %sep% %sitedesc%","descriptionTemplate":"","focusKeywords":"","breadcrumbTitle":"Domov","robots":{"index":true},"advancedRobots":{"max-snippet":"-1","max-video-preview":"-1","max-image-preview":"large"},"facebookTitle":"","facebookDescription":"","facebookImage":"","facebookImageID":""}}},"isAnalyticsConnected":false,"tocTitle":"Table of Contents","tocExcludeHeadings":[],"listStyle":"ul"},"_links":{"self":[{"href":"https:\/\/vizum.sk\/ru\/wp-json\/wp\/v2\/pages\/8566"}],"collection":[{"href":"https:\/\/vizum.sk\/ru\/wp-json\/wp\/v2\/pages"}],"about":[{"href":"https:\/\/vizum.sk\/ru\/wp-json\/wp\/v2\/types\/page"}],"author":[{"embeddable":true,"href":"https:\/\/vizum.sk\/ru\/wp-json\/wp\/v2\/users\/1"}],"replies":[{"embeddable":true,"href":"https:\/\/vizum.sk\/ru\/wp-json\/wp\/v2\/comments?post=8566"}],"version-history":[{"count":3,"href":"https:\/\/vizum.sk\/ru\/wp-json\/wp\/v2\/pages\/8566\/revisions"}],"predecessor-version":[{"id":14496,"href":"https:\/\/vizum.sk\/ru\/wp-json\/wp\/v2\/pages\/8566\/revisions\/14496"}],"wp:featuredmedia":[{"embeddable":true,"href":"https:\/\/vizum.sk\/ru\/wp-json\/wp\/v2\/media\/8359"}],"wp:attachment":[{"href":"https:\/\/vizum.sk\/ru\/wp-json\/wp\/v2\/media?parent=8566"}],"curies":[{"name":"wp","href":"https:\/\/api.w.org\/{rel}","templated":true}]}}